{"id":410,"date":"2021-05-10T05:28:32","date_gmt":"2021-05-10T05:28:32","guid":{"rendered":"https:\/\/durmusoglunakliyat.com.tr\/en\/contact\/"},"modified":"2023-06-21T16:29:06","modified_gmt":"2023-06-21T16:29:06","slug":"iletisim","status":"publish","type":"page","link":"https:\/\/durmusoglunakliyat.com.tr\/en\/iletisim\/","title":{"rendered":"Contact"},"content":{"rendered":"\t\t<div data-elementor-type=\"wp-page\" data-elementor-id=\"410\" class=\"elementor elementor-410\">\n\t\t\t\t\t\t<section class=\"elementor-section elementor-top-section elementor-element elementor-element-77fc967 elementor-section-boxed elementor-section-height-default elementor-section-height-default\" data-id=\"77fc967\" data-element_type=\"section\" data-e-type=\"section\" data-settings=\"{&quot;background_background&quot;:&quot;video&quot;,&quot;background_video_link&quot;:&quot;https:\\\/\\\/durmusoglunakliyat.com.tr\\\/en\\\/wp-content\\\/uploads\\\/2023\\\/02\\\/durmusoglu-contact-page.mp4&quot;}\">\n\t\t\t\t\t\t\t\t<div class=\"elementor-background-video-container elementor-hidden-mobile\">\n\t\t\t\t\t\t\t\t\t\t\t\t\t<video class=\"elementor-background-video-hosted\" role=\"presentation\" autoplay muted playsinline loop><\/video>\n\t\t\t\t\t\t\t\t\t\t\t<\/div>\n\t\t\t\t\t\t\t\t\t<div class=\"elementor-background-overlay\"><\/div>\n\t\t\t\t\t\t\t<div class=\"elementor-container elementor-column-gap-no\">\n\t\t\t\t\t<div class=\"elementor-column elementor-col-100 elementor-top-column elementor-element elementor-element-1107584\" data-id=\"1107584\" data-element_type=\"column\" data-e-type=\"column\">\n\t\t\t<div class=\"elementor-widget-wrap elementor-element-populated\">\n\t\t\t\t\t\t<div class=\"elementor-element elementor-element-38c16ab elementor-widget elementor-widget-heading\" data-id=\"38c16ab\" data-element_type=\"widget\" data-e-type=\"widget\" data-widget_type=\"heading.default\">\n\t\t\t\t<div class=\"elementor-widget-container\">\n\t\t\t\t\t<h1 class=\"elementor-heading-title elementor-size-default\">Contact<\/h1>\t\t\t\t<\/div>\n\t\t\t\t<\/div>\n\t\t\t\t<div class=\"elementor-element elementor-element-83d0155 elementor-widget-divider--view-line elementor-widget elementor-widget-divider\" data-id=\"83d0155\" data-element_type=\"widget\" data-e-type=\"widget\" data-widget_type=\"divider.default\">\n\t\t\t\t<div class=\"elementor-widget-container\">\n\t\t\t\t\t\t\t<div class=\"elementor-divider\">\n\t\t\t<span class=\"elementor-divider-separator\">\n\t\t\t\t\t\t<\/span>\n\t\t<\/div>\n\t\t\t\t\t\t<\/div>\n\t\t\t\t<\/div>\n\t\t\t\t\t<\/div>\n\t\t<\/div>\n\t\t\t\t\t<\/div>\n\t\t<\/section>\n\t\t\t\t<section class=\"elementor-section elementor-top-section elementor-element elementor-element-7682292 elementor-section-boxed elementor-section-height-default elementor-section-height-default\" data-id=\"7682292\" data-element_type=\"section\" data-e-type=\"section\" data-settings=\"{&quot;background_background&quot;:&quot;video&quot;}\">\n\t\t\t\t\t\t<div class=\"elementor-container elementor-column-gap-no\">\n\t\t\t\t\t<div class=\"elementor-column elementor-col-100 elementor-top-column elementor-element elementor-element-5031ff5\" data-id=\"5031ff5\" data-element_type=\"column\" data-e-type=\"column\">\n\t\t\t<div class=\"elementor-widget-wrap elementor-element-populated\">\n\t\t\t\t\t\t<section class=\"elementor-section elementor-inner-section elementor-element elementor-element-445eaec elementor-section-boxed elementor-section-height-default elementor-section-height-default\" data-id=\"445eaec\" data-element_type=\"section\" data-e-type=\"section\">\n\t\t\t\t\t\t<div class=\"elementor-container elementor-column-gap-default\">\n\t\t\t\t\t<div class=\"elementor-column elementor-col-33 elementor-inner-column elementor-element elementor-element-53b6168\" data-id=\"53b6168\" data-element_type=\"column\" data-e-type=\"column\">\n\t\t\t<div class=\"elementor-widget-wrap elementor-element-populated\">\n\t\t\t\t\t\t<div class=\"elementor-element elementor-element-94e0bd0 elementor-position-inline-start elementor-widget__width-initial elementor-widget-tablet__width-initial elementor-widget-mobile__width-inherit elementor-mobile-position-inline-start elementor-view-default elementor-widget elementor-widget-icon-box\" data-id=\"94e0bd0\" data-element_type=\"widget\" data-e-type=\"widget\" data-widget_type=\"icon-box.default\">\n\t\t\t\t<div class=\"elementor-widget-container\">\n\t\t\t\t\t\t\t<div class=\"elementor-icon-box-wrapper\">\n\n\t\t\t\t\t\t<div class=\"elementor-icon-box-icon\">\n\t\t\t\t<span  class=\"elementor-icon\">\n\t\t\t\t<i aria-hidden=\"true\" class=\"fas fa-map-marker-alt\"><\/i>\t\t\t\t<\/span>\n\t\t\t<\/div>\n\t\t\t\n\t\t\t\t\t\t<div class=\"elementor-icon-box-content\">\n\n\t\t\t\t\t\t\t\t\t<h6 class=\"elementor-icon-box-title\">\n\t\t\t\t\t\t<span  >\n\t\t\t\t\t\t\tAdress\t\t\t\t\t\t<\/span>\n\t\t\t\t\t<\/h6>\n\t\t\t\t\n\t\t\t\t\n\t\t\t<\/div>\n\t\t\t\n\t\t<\/div>\n\t\t\t\t\t\t<\/div>\n\t\t\t\t<\/div>\n\t\t\t\t<div class=\"elementor-element elementor-element-20a71dc elementor-widget elementor-widget-text-editor\" data-id=\"20a71dc\" data-element_type=\"widget\" data-e-type=\"widget\" data-widget_type=\"text-editor.default\">\n\t\t\t\t<div class=\"elementor-widget-container\">\n\t\t\t\t\t\t\t\t\t<p>Merkez Kuledibi Mah. 130. Sokak Ali K\u00fc\u00e7\u00fckali \u0130\u015f Merkezi Bina No:7 Kat:7 No:30 Hopa \/ ARTV\u0130N<\/p>\t\t\t\t\t\t\t\t<\/div>\n\t\t\t\t<\/div>\n\t\t\t\t\t<\/div>\n\t\t<\/div>\n\t\t\t\t<div class=\"elementor-column elementor-col-33 elementor-inner-column elementor-element elementor-element-ef22fab\" data-id=\"ef22fab\" data-element_type=\"column\" data-e-type=\"column\">\n\t\t\t<div class=\"elementor-widget-wrap elementor-element-populated\">\n\t\t\t\t\t\t<div class=\"elementor-element elementor-element-eeab2a4 elementor-position-inline-start elementor-widget__width-initial elementor-widget-tablet__width-initial elementor-widget-mobile__width-inherit elementor-mobile-position-inline-start elementor-view-default elementor-widget elementor-widget-icon-box\" data-id=\"eeab2a4\" data-element_type=\"widget\" data-e-type=\"widget\" data-widget_type=\"icon-box.default\">\n\t\t\t\t<div class=\"elementor-widget-container\">\n\t\t\t\t\t\t\t<div class=\"elementor-icon-box-wrapper\">\n\n\t\t\t\t\t\t<div class=\"elementor-icon-box-icon\">\n\t\t\t\t<span  class=\"elementor-icon\">\n\t\t\t\t<i aria-hidden=\"true\" class=\"fas fa-envelope\"><\/i>\t\t\t\t<\/span>\n\t\t\t<\/div>\n\t\t\t\n\t\t\t\t\t\t<div class=\"elementor-icon-box-content\">\n\n\t\t\t\t\t\t\t\t\t<h6 class=\"elementor-icon-box-title\">\n\t\t\t\t\t\t<span  >\n\t\t\t\t\t\t\tEmail\t\t\t\t\t\t<\/span>\n\t\t\t\t\t<\/h6>\n\t\t\t\t\n\t\t\t\t\n\t\t\t<\/div>\n\t\t\t\n\t\t<\/div>\n\t\t\t\t\t\t<\/div>\n\t\t\t\t<\/div>\n\t\t\t\t<div class=\"elementor-element elementor-element-91bd1d2 elementor-widget elementor-widget-text-editor\" data-id=\"91bd1d2\" data-element_type=\"widget\" data-e-type=\"widget\" data-widget_type=\"text-editor.default\">\n\t\t\t\t<div class=\"elementor-widget-container\">\n\t\t\t\t\t\t\t\t\t<a style=\"color: black;\" href=\"mailto:durmusoglunakliyat@hotmail.com\">durmusoglunakliyat@hotmail.com<\/a>\n<a style=\"color: black;\" href=\"mailto:info@durmusoglunakliyat.com.tr\">info@durmusoglunakliyat.com.tr<\/a>\n<a style=\"color: black;\" href=\"mailto:ismail@durmusoglunakliyat.com.tr\">ismail@durmusoglunakliyat.com.tr<\/a>\n\t\t\t\t\t\t\t\t<\/div>\n\t\t\t\t<\/div>\n\t\t\t\t<div class=\"elementor-element elementor-element-94a2bfd elementor-widget elementor-widget-text-editor\" data-id=\"94a2bfd\" data-element_type=\"widget\" data-e-type=\"widget\" data-widget_type=\"text-editor.default\">\n\t\t\t\t<div class=\"elementor-widget-container\">\n\t\t\t\t\t\t\t\t\t<strong>International<\/strong>\n\n<a style=\"color: black;\" href=\"mailto:baris@durmusoglunakliyat.com.tr\">baris@durmusoglunakliyat.com.tr<\/a>\t\t\t\t\t\t\t\t<\/div>\n\t\t\t\t<\/div>\n\t\t\t\t<div class=\"elementor-element elementor-element-82f8c7a elementor-widget elementor-widget-text-editor\" data-id=\"82f8c7a\" data-element_type=\"widget\" data-e-type=\"widget\" data-widget_type=\"text-editor.default\">\n\t\t\t\t<div class=\"elementor-widget-container\">\n\t\t\t\t\t\t\t\t\t<strong>Accounting<\/strong>\n\n<a style=\"color: black;\" href=\"mailto:muhasebe@durmusoglunakliyat.com.tr\">\nmuhasebe@durmusoglunakliyat.com.tr<\/a>\t\t\t\t\t\t\t\t<\/div>\n\t\t\t\t<\/div>\n\t\t\t\t\t<\/div>\n\t\t<\/div>\n\t\t\t\t<div class=\"elementor-column elementor-col-33 elementor-inner-column elementor-element elementor-element-715edae\" data-id=\"715edae\" data-element_type=\"column\" data-e-type=\"column\">\n\t\t\t<div class=\"elementor-widget-wrap elementor-element-populated\">\n\t\t\t\t\t\t<div class=\"elementor-element elementor-element-c4f1b64 elementor-position-inline-start elementor-widget__width-initial elementor-widget-tablet__width-initial elementor-widget-mobile__width-inherit elementor-mobile-position-inline-start elementor-view-default elementor-widget elementor-widget-icon-box\" data-id=\"c4f1b64\" data-element_type=\"widget\" data-e-type=\"widget\" data-widget_type=\"icon-box.default\">\n\t\t\t\t<div class=\"elementor-widget-container\">\n\t\t\t\t\t\t\t<div class=\"elementor-icon-box-wrapper\">\n\n\t\t\t\t\t\t<div class=\"elementor-icon-box-icon\">\n\t\t\t\t<span  class=\"elementor-icon\">\n\t\t\t\t<i aria-hidden=\"true\" class=\"fas fa-phone\"><\/i>\t\t\t\t<\/span>\n\t\t\t<\/div>\n\t\t\t\n\t\t\t\t\t\t<div class=\"elementor-icon-box-content\">\n\n\t\t\t\t\t\t\t\t\t<h6 class=\"elementor-icon-box-title\">\n\t\t\t\t\t\t<span  >\n\t\t\t\t\t\t\tPhone\t\t\t\t\t\t<\/span>\n\t\t\t\t\t<\/h6>\n\t\t\t\t\n\t\t\t\t\n\t\t\t<\/div>\n\t\t\t\n\t\t<\/div>\n\t\t\t\t\t\t<\/div>\n\t\t\t\t<\/div>\n\t\t\t\t<div class=\"elementor-element elementor-element-e52548a elementor-widget elementor-widget-text-editor\" data-id=\"e52548a\" data-element_type=\"widget\" data-e-type=\"widget\" data-widget_type=\"text-editor.default\">\n\t\t\t\t<div class=\"elementor-widget-container\">\n\t\t\t\t\t\t\t\t\t<p>Tel: \u00a0\u00a0 <a style=\"color: black;\" href=\"tel:90-466-351-6128\">+90 466 351 6128<\/a><br \/>GSM: <a style=\"color: black;\" href=\"tel:90-532-386-6128\">+90 532 386 6128<\/a><br \/>Fax:\u00a0 \u00a0<a style=\"color: black;\" href=\"tel:90-466-351-6570\">+90 466 351 6570<\/a><\/p>\t\t\t\t\t\t\t\t<\/div>\n\t\t\t\t<\/div>\n\t\t\t\t\t<\/div>\n\t\t<\/div>\n\t\t\t\t\t<\/div>\n\t\t<\/section>\n\t\t\t\t\t<\/div>\n\t\t<\/div>\n\t\t\t\t\t<\/div>\n\t\t<\/section>\n\t\t\t\t<section class=\"elementor-section elementor-top-section elementor-element elementor-element-4ab6cf2 elementor-section-boxed elementor-section-height-default elementor-section-height-default\" data-id=\"4ab6cf2\" data-element_type=\"section\" data-e-type=\"section\" data-settings=\"{&quot;background_background&quot;:&quot;video&quot;}\">\n\t\t\t\t\t\t<div class=\"elementor-container elementor-column-gap-no\">\n\t\t\t\t\t<div class=\"elementor-column elementor-col-100 elementor-top-column elementor-element elementor-element-07a6a8b\" data-id=\"07a6a8b\" data-element_type=\"column\" data-e-type=\"column\">\n\t\t\t<div class=\"elementor-widget-wrap elementor-element-populated\">\n\t\t\t\t\t\t<section class=\"elementor-section elementor-inner-section elementor-element elementor-element-55c1063 elementor-section-boxed elementor-section-height-default elementor-section-height-default\" data-id=\"55c1063\" data-element_type=\"section\" data-e-type=\"section\">\n\t\t\t\t\t\t<div class=\"elementor-container elementor-column-gap-default\">\n\t\t\t\t\t<div class=\"elementor-column elementor-col-100 elementor-inner-column elementor-element elementor-element-5cb5a61\" data-id=\"5cb5a61\" data-element_type=\"column\" data-e-type=\"column\">\n\t\t\t<div class=\"elementor-widget-wrap elementor-element-populated\">\n\t\t\t\t\t\t<div class=\"elementor-element elementor-element-4e23168 elementor-widget elementor-widget-html\" data-id=\"4e23168\" data-element_type=\"widget\" data-e-type=\"widget\" data-widget_type=\"html.default\">\n\t\t\t\t<div class=\"elementor-widget-container\">\n\t\t\t\t\t<iframe src=\"https:\/\/www.google.com\/maps\/embed?pb=!1m14!1m8!1m3!1d11971.955493552716!2d41.4221258!3d41.396048!3m2!1i1024!2i768!4f13.1!3m3!1m2!1s0x85da4e3814eb0a5f%3A0xe0411b6381327276!2zRHVybXXFn2_En2x1IE5ha2xpeWF0IETEscWfIFRpY2FyZXQ!5e0!3m2!1str!2str!4v1687364525426!5m2!1str!2str\" width=\"600\" height=\"450\" style=\"border:0;\" allowfullscreen=\"\" loading=\"lazy\" referrerpolicy=\"no-referrer-when-downgrade\"><\/iframe>\t\t\t\t<\/div>\n\t\t\t\t<\/div>\n\t\t\t\t\t<\/div>\n\t\t<\/div>\n\t\t\t\t\t<\/div>\n\t\t<\/section>\n\t\t\t\t\t<\/div>\n\t\t<\/div>\n\t\t\t\t\t<\/div>\n\t\t<\/section>\n\t\t\t\t<\/div>\n\t\t","protected":false},"excerpt":{"rendered":"<p>Contact Adress Merkez Kuledibi Mah. 130. Sokak Ali K\u00fc\u00e7\u00fckali \u0130\u015f Merkezi Bina No:7 Kat:7 No:30 Hopa \/ ARTV\u0130N Email durmusoglunakliyat@hotmail.com info@durmusoglunakliyat.com.tr ismail@durmusoglunakliyat.com.tr International baris@durmusoglunakliyat.com.trAccounting muhasebe@durmusoglunakliyat.com.tr Phone Tel: \u00a0\u00a0 +90 466 351 6128GSM: +90 532 386 6128Fax:\u00a0 \u00a0+90 466 351 6570<\/p>\n","protected":false},"author":1,"featured_media":0,"parent":0,"menu_order":0,"comment_status":"closed","ping_status":"closed","template":"","meta":{"site-sidebar-layout":"no-sidebar","site-content-layout":"page-builder","ast-site-content-layout":"default","site-content-style":"default","site-sidebar-style":"default","ast-global-header-display":"","ast-banner-title-visibility":"","ast-main-header-display":"","ast-hfb-above-header-display":"","ast-hfb-below-header-display":"","ast-hfb-mobile-header-display":"","site-post-title":"disabled","ast-breadcrumbs-content":"disabled","ast-featured-img":"disabled","footer-sml-layout":"","ast-disable-related-posts":"","theme-transparent-header-meta":"enabled","adv-header-id-meta":"","stick-header-meta":"","header-above-stick-meta":"","header-main-stick-meta":"","header-below-stick-meta":"","astra-migrate-meta-layouts":"default","ast-page-background-enabled":"default","ast-page-background-meta":{"desktop":{"background-color":"var(--ast-global-color-4)","background-image":"","background-repeat":"repeat","background-position":"center center","background-size":"auto","background-attachment":"scroll","background-type":"","background-media":"","overlay-type":"","overlay-color":"","overlay-opacity":"","overlay-gradient":""},"tablet":{"background-color":"","background-image":"","background-repeat":"repeat","background-position":"center center","background-size":"auto","background-attachment":"scroll","background-type":"","background-media":"","overlay-type":"","overlay-color":"","overlay-opacity":"","overlay-gradient":""},"mobile":{"background-color":"","background-image":"","background-repeat":"repeat","background-position":"center center","background-size":"auto","background-attachment":"scroll","background-type":"","background-media":"","overlay-type":"","overlay-color":"","overlay-opacity":"","overlay-gradient":""}},"ast-content-background-meta":{"desktop":{"background-color":"var(--ast-global-color-5)","background-image":"","background-repeat":"repeat","background-position":"center center","background-size":"auto","background-attachment":"scroll","background-type":"","background-media":"","overlay-type":"","overlay-color":"","overlay-opacity":"","overlay-gradient":""},"tablet":{"background-color":"var(--ast-global-color-5)","background-image":"","background-repeat":"repeat","background-position":"center center","background-size":"auto","background-attachment":"scroll","background-type":"","background-media":"","overlay-type":"","overlay-color":"","overlay-opacity":"","overlay-gradient":""},"mobile":{"background-color":"var(--ast-global-color-5)","background-image":"","background-repeat":"repeat","background-position":"center center","background-size":"auto","background-attachment":"scroll","background-type":"","background-media":"","overlay-type":"","overlay-color":"","overlay-opacity":"","overlay-gradient":""}},"footnotes":""},"class_list":["post-410","page","type-page","status-publish","hentry"],"yoast_head":"<!-- This site is optimized with the Yoast SEO plugin v27.5 - https:\/\/yoast.com\/product\/yoast-seo-wordpress\/ -->\n<title>Contact - Durmusoglu Logistics<\/title>\n<meta name=\"robots\" content=\"index, follow, max-snippet:-1, max-image-preview:large, max-video-preview:-1\" \/>\n<link rel=\"canonical\" href=\"https:\/\/durmusoglunakliyat.com.tr\/en\/iletisim\/\" \/>\n<meta property=\"og:locale\" content=\"en_US\" \/>\n<meta property=\"og:type\" content=\"article\" \/>\n<meta property=\"og:title\" content=\"Contact - Durmusoglu Logistics\" \/>\n<meta property=\"og:description\" content=\"Contact Adress Merkez Kuledibi Mah. 130. Sokak Ali K\u00fc\u00e7\u00fckali \u0130\u015f Merkezi Bina No:7 Kat:7 No:30 Hopa \/ ARTV\u0130N Email durmusoglunakliyat@hotmail.com info@durmusoglunakliyat.com.tr ismail@durmusoglunakliyat.com.tr International baris@durmusoglunakliyat.com.trAccounting muhasebe@durmusoglunakliyat.com.tr Phone Tel: \u00a0\u00a0 +90 466 351 6128GSM: +90 532 386 6128Fax:\u00a0 \u00a0+90 466 351 6570\" \/>\n<meta property=\"og:url\" content=\"https:\/\/durmusoglunakliyat.com.tr\/en\/iletisim\/\" \/>\n<meta property=\"og:site_name\" content=\"Durmusoglu Logistics\" \/>\n<meta property=\"article:modified_time\" content=\"2023-06-21T16:29:06+00:00\" \/>\n<meta name=\"twitter:card\" content=\"summary_large_image\" \/>\n<meta name=\"twitter:label1\" content=\"Est. reading time\" \/>\n\t<meta name=\"twitter:data1\" content=\"1 minute\" \/>\n<script type=\"application\/ld+json\" class=\"yoast-schema-graph\">{\"@context\":\"https:\\\/\\\/schema.org\",\"@graph\":[{\"@type\":\"WebPage\",\"@id\":\"https:\\\/\\\/durmusoglunakliyat.com.tr\\\/en\\\/iletisim\\\/\",\"url\":\"https:\\\/\\\/durmusoglunakliyat.com.tr\\\/en\\\/iletisim\\\/\",\"name\":\"Contact - Durmusoglu Logistics\",\"isPartOf\":{\"@id\":\"https:\\\/\\\/durmusoglunakliyat.com.tr\\\/en\\\/#website\"},\"datePublished\":\"2021-05-10T05:28:32+00:00\",\"dateModified\":\"2023-06-21T16:29:06+00:00\",\"breadcrumb\":{\"@id\":\"https:\\\/\\\/durmusoglunakliyat.com.tr\\\/en\\\/iletisim\\\/#breadcrumb\"},\"inLanguage\":\"en-US\",\"potentialAction\":[{\"@type\":\"ReadAction\",\"target\":[\"https:\\\/\\\/durmusoglunakliyat.com.tr\\\/en\\\/iletisim\\\/\"]}]},{\"@type\":\"BreadcrumbList\",\"@id\":\"https:\\\/\\\/durmusoglunakliyat.com.tr\\\/en\\\/iletisim\\\/#breadcrumb\",\"itemListElement\":[{\"@type\":\"ListItem\",\"position\":1,\"name\":\"Anasayfa\",\"item\":\"https:\\\/\\\/durmusoglunakliyat.com.tr\\\/en\\\/\"},{\"@type\":\"ListItem\",\"position\":2,\"name\":\"Contact\"}]},{\"@type\":\"WebSite\",\"@id\":\"https:\\\/\\\/durmusoglunakliyat.com.tr\\\/en\\\/#website\",\"url\":\"https:\\\/\\\/durmusoglunakliyat.com.tr\\\/en\\\/\",\"name\":\"Durmusoglu Logistics\",\"description\":\"We Carry Your Trust\",\"publisher\":{\"@id\":\"https:\\\/\\\/durmusoglunakliyat.com.tr\\\/en\\\/#organization\"},\"potentialAction\":[{\"@type\":\"SearchAction\",\"target\":{\"@type\":\"EntryPoint\",\"urlTemplate\":\"https:\\\/\\\/durmusoglunakliyat.com.tr\\\/en\\\/?s={search_term_string}\"},\"query-input\":{\"@type\":\"PropertyValueSpecification\",\"valueRequired\":true,\"valueName\":\"search_term_string\"}}],\"inLanguage\":\"en-US\"},{\"@type\":\"Organization\",\"@id\":\"https:\\\/\\\/durmusoglunakliyat.com.tr\\\/en\\\/#organization\",\"name\":\"Durmusoglu Logistics\",\"url\":\"https:\\\/\\\/durmusoglunakliyat.com.tr\\\/en\\\/\",\"logo\":{\"@type\":\"ImageObject\",\"inLanguage\":\"en-US\",\"@id\":\"https:\\\/\\\/durmusoglunakliyat.com.tr\\\/en\\\/#\\\/schema\\\/logo\\\/image\\\/\",\"url\":\"https:\\\/\\\/durmusoglunakliyat.com.tr\\\/en\\\/wp-content\\\/uploads\\\/sites\\\/3\\\/2023\\\/02\\\/LogoIMG_1_ORJ.png\",\"contentUrl\":\"https:\\\/\\\/durmusoglunakliyat.com.tr\\\/en\\\/wp-content\\\/uploads\\\/sites\\\/3\\\/2023\\\/02\\\/LogoIMG_1_ORJ.png\",\"width\":287,\"height\":105,\"caption\":\"Durmusoglu Logistics\"},\"image\":{\"@id\":\"https:\\\/\\\/durmusoglunakliyat.com.tr\\\/en\\\/#\\\/schema\\\/logo\\\/image\\\/\"}}]}<\/script>\n<!-- \/ Yoast SEO plugin. -->","yoast_head_json":{"title":"Contact - Durmusoglu Logistics","robots":{"index":"index","follow":"follow","max-snippet":"max-snippet:-1","max-image-preview":"max-image-preview:large","max-video-preview":"max-video-preview:-1"},"canonical":"https:\/\/durmusoglunakliyat.com.tr\/en\/iletisim\/","og_locale":"en_US","og_type":"article","og_title":"Contact - Durmusoglu Logistics","og_description":"Contact Adress Merkez Kuledibi Mah. 130. Sokak Ali K\u00fc\u00e7\u00fckali \u0130\u015f Merkezi Bina No:7 Kat:7 No:30 Hopa \/ ARTV\u0130N Email durmusoglunakliyat@hotmail.com info@durmusoglunakliyat.com.tr ismail@durmusoglunakliyat.com.tr International baris@durmusoglunakliyat.com.trAccounting muhasebe@durmusoglunakliyat.com.tr Phone Tel: \u00a0\u00a0 +90 466 351 6128GSM: +90 532 386 6128Fax:\u00a0 \u00a0+90 466 351 6570","og_url":"https:\/\/durmusoglunakliyat.com.tr\/en\/iletisim\/","og_site_name":"Durmusoglu Logistics","article_modified_time":"2023-06-21T16:29:06+00:00","twitter_card":"summary_large_image","twitter_misc":{"Est. reading time":"1 minute"},"schema":{"@context":"https:\/\/schema.org","@graph":[{"@type":"WebPage","@id":"https:\/\/durmusoglunakliyat.com.tr\/en\/iletisim\/","url":"https:\/\/durmusoglunakliyat.com.tr\/en\/iletisim\/","name":"Contact - Durmusoglu Logistics","isPartOf":{"@id":"https:\/\/durmusoglunakliyat.com.tr\/en\/#website"},"datePublished":"2021-05-10T05:28:32+00:00","dateModified":"2023-06-21T16:29:06+00:00","breadcrumb":{"@id":"https:\/\/durmusoglunakliyat.com.tr\/en\/iletisim\/#breadcrumb"},"inLanguage":"en-US","potentialAction":[{"@type":"ReadAction","target":["https:\/\/durmusoglunakliyat.com.tr\/en\/iletisim\/"]}]},{"@type":"BreadcrumbList","@id":"https:\/\/durmusoglunakliyat.com.tr\/en\/iletisim\/#breadcrumb","itemListElement":[{"@type":"ListItem","position":1,"name":"Anasayfa","item":"https:\/\/durmusoglunakliyat.com.tr\/en\/"},{"@type":"ListItem","position":2,"name":"Contact"}]},{"@type":"WebSite","@id":"https:\/\/durmusoglunakliyat.com.tr\/en\/#website","url":"https:\/\/durmusoglunakliyat.com.tr\/en\/","name":"Durmusoglu Logistics","description":"We Carry Your Trust","publisher":{"@id":"https:\/\/durmusoglunakliyat.com.tr\/en\/#organization"},"potentialAction":[{"@type":"SearchAction","target":{"@type":"EntryPoint","urlTemplate":"https:\/\/durmusoglunakliyat.com.tr\/en\/?s={search_term_string}"},"query-input":{"@type":"PropertyValueSpecification","valueRequired":true,"valueName":"search_term_string"}}],"inLanguage":"en-US"},{"@type":"Organization","@id":"https:\/\/durmusoglunakliyat.com.tr\/en\/#organization","name":"Durmusoglu Logistics","url":"https:\/\/durmusoglunakliyat.com.tr\/en\/","logo":{"@type":"ImageObject","inLanguage":"en-US","@id":"https:\/\/durmusoglunakliyat.com.tr\/en\/#\/schema\/logo\/image\/","url":"https:\/\/durmusoglunakliyat.com.tr\/en\/wp-content\/uploads\/sites\/3\/2023\/02\/LogoIMG_1_ORJ.png","contentUrl":"https:\/\/durmusoglunakliyat.com.tr\/en\/wp-content\/uploads\/sites\/3\/2023\/02\/LogoIMG_1_ORJ.png","width":287,"height":105,"caption":"Durmusoglu Logistics"},"image":{"@id":"https:\/\/durmusoglunakliyat.com.tr\/en\/#\/schema\/logo\/image\/"}}]}},"_links":{"self":[{"href":"https:\/\/durmusoglunakliyat.com.tr\/en\/wp-json\/wp\/v2\/pages\/410","targetHints":{"allow":["GET"]}}],"collection":[{"href":"https:\/\/durmusoglunakliyat.com.tr\/en\/wp-json\/wp\/v2\/pages"}],"about":[{"href":"https:\/\/durmusoglunakliyat.com.tr\/en\/wp-json\/wp\/v2\/types\/page"}],"author":[{"embeddable":true,"href":"https:\/\/durmusoglunakliyat.com.tr\/en\/wp-json\/wp\/v2\/users\/1"}],"replies":[{"embeddable":true,"href":"https:\/\/durmusoglunakliyat.com.tr\/en\/wp-json\/wp\/v2\/comments?post=410"}],"version-history":[{"count":0,"href":"https:\/\/durmusoglunakliyat.com.tr\/en\/wp-json\/wp\/v2\/pages\/410\/revisions"}],"wp:attachment":[{"href":"https:\/\/durmusoglunakliyat.com.tr\/en\/wp-json\/wp\/v2\/media?parent=410"}],"curies":[{"name":"wp","href":"https:\/\/api.w.org\/{rel}","templated":true}]}}