{"id":1288,"date":"2023-02-06T13:37:52","date_gmt":"2023-02-06T13:37:52","guid":{"rendered":"https:\/\/durmusoglunakliyat.com.tr\/ge\/?page_id=1288"},"modified":"2023-03-24T12:23:14","modified_gmt":"2023-03-24T12:23:14","slug":"celik-boru-profil-grubu","status":"publish","type":"page","link":"https:\/\/durmusoglunakliyat.com.tr\/ge\/celik-boru-profil-grubu\/","title":{"rendered":"\u10e4\u10dd\u10da\u10d0\u10d3\u10d8\u10e1 \u10db\u10d8\u10da\u10d4\u10d1\u10d8\u10e1 \u10de\u10e0\u10dd\u10e4\u10d8\u10da\u10d8\u10e1 \u10ef\u10d2\u10e3\u10e4\u10d8"},"content":{"rendered":"\t\t<div data-elementor-type=\"wp-page\" data-elementor-id=\"1288\" class=\"elementor elementor-1288\">\n\t\t\t\t\t\t<section class=\"elementor-section elementor-top-section elementor-element elementor-element-ab4d83f elementor-section-boxed elementor-section-height-default elementor-section-height-default\" data-id=\"ab4d83f\" data-element_type=\"section\" data-e-type=\"section\" data-settings=\"{&quot;background_background&quot;:&quot;classic&quot;}\">\n\t\t\t\t\t\t\t<div class=\"elementor-background-overlay\"><\/div>\n\t\t\t\t\t\t\t<div class=\"elementor-container elementor-column-gap-no\">\n\t\t\t\t\t<div class=\"elementor-column elementor-col-50 elementor-top-column elementor-element elementor-element-44f5a6b\" data-id=\"44f5a6b\" data-element_type=\"column\" data-e-type=\"column\">\n\t\t\t<div class=\"elementor-widget-wrap elementor-element-populated\">\n\t\t\t\t\t\t<div class=\"elementor-element elementor-element-7309e8c elementor-widget elementor-widget-spacer\" data-id=\"7309e8c\" data-element_type=\"widget\" data-e-type=\"widget\" data-widget_type=\"spacer.default\">\n\t\t\t\t<div class=\"elementor-widget-container\">\n\t\t\t\t\t\t\t<div class=\"elementor-spacer\">\n\t\t\t<div class=\"elementor-spacer-inner\"><\/div>\n\t\t<\/div>\n\t\t\t\t\t\t<\/div>\n\t\t\t\t<\/div>\n\t\t\t\t<div class=\"elementor-element elementor-element-f239323 elementor-widget elementor-widget-heading\" data-id=\"f239323\" data-element_type=\"widget\" data-e-type=\"widget\" data-widget_type=\"heading.default\">\n\t\t\t\t<div class=\"elementor-widget-container\">\n\t\t\t\t\t<h1 class=\"elementor-heading-title elementor-size-default\">\u10e4\u10dd\u10da\u10d0\u10d3\u10d8\u10e1 \u10db\u10d8\u10da\u10d4\u10d1\u10d8\u10e1 \u10de\u10e0\u10dd\u10e4\u10d8\u10da\u10d8\u10e1 \u10ef\u10d2\u10e3\u10e4\u10d8<\/h1>\t\t\t\t<\/div>\n\t\t\t\t<\/div>\n\t\t\t\t<div class=\"elementor-element elementor-element-f10d708 elementor-widget-divider--view-line elementor-widget elementor-widget-divider\" data-id=\"f10d708\" data-element_type=\"widget\" data-e-type=\"widget\" data-widget_type=\"divider.default\">\n\t\t\t\t<div class=\"elementor-widget-container\">\n\t\t\t\t\t\t\t<div class=\"elementor-divider\">\n\t\t\t<span class=\"elementor-divider-separator\">\n\t\t\t\t\t\t<\/span>\n\t\t<\/div>\n\t\t\t\t\t\t<\/div>\n\t\t\t\t<\/div>\n\t\t\t\t\t<\/div>\n\t\t<\/div>\n\t\t\t\t<div class=\"elementor-column elementor-col-50 elementor-top-column elementor-element elementor-element-38005ea\" data-id=\"38005ea\" data-element_type=\"column\" data-e-type=\"column\">\n\t\t\t<div class=\"elementor-widget-wrap\">\n\t\t\t\t\t\t\t<\/div>\n\t\t<\/div>\n\t\t\t\t\t<\/div>\n\t\t<\/section>\n\t\t\t\t<section class=\"elementor-section elementor-top-section elementor-element elementor-element-8dfb707 elementor-section-boxed elementor-section-height-default elementor-section-height-default\" data-id=\"8dfb707\" data-element_type=\"section\" data-e-type=\"section\" data-settings=\"{&quot;background_background&quot;:&quot;video&quot;}\">\n\t\t\t\t\t\t<div class=\"elementor-container elementor-column-gap-no\">\n\t\t\t\t\t<div class=\"elementor-column elementor-col-50 elementor-top-column elementor-element elementor-element-8308deb\" data-id=\"8308deb\" data-element_type=\"column\" data-e-type=\"column\">\n\t\t\t<div class=\"elementor-widget-wrap elementor-element-populated\">\n\t\t\t\t\t\t<div class=\"elementor-element elementor-element-d1e92ae elementor-widget elementor-widget-image\" data-id=\"d1e92ae\" data-element_type=\"widget\" data-e-type=\"widget\" data-widget_type=\"image.default\">\n\t\t\t\t<div class=\"elementor-widget-container\">\n\t\t\t\t\t\t\t\t\t\t\t\t\t\t\t<img fetchpriority=\"high\" decoding=\"async\" width=\"720\" height=\"470\" src=\"https:\/\/durmusoglunakliyat.com.tr\/ge\/wp-content\/uploads\/sites\/4\/2023\/02\/nakliyat-artvin-celik-boru.jpg\" class=\"attachment-large size-large wp-image-860\" alt=\"\" srcset=\"https:\/\/durmusoglunakliyat.com.tr\/ge\/wp-content\/uploads\/sites\/4\/2023\/02\/nakliyat-artvin-celik-boru.jpg 720w, https:\/\/durmusoglunakliyat.com.tr\/ge\/wp-content\/uploads\/sites\/4\/2023\/02\/nakliyat-artvin-celik-boru-300x196.jpg 300w\" sizes=\"(max-width: 720px) 100vw, 720px\" \/>\t\t\t\t\t\t\t\t\t\t\t\t\t\t\t<\/div>\n\t\t\t\t<\/div>\n\t\t\t\t\t<\/div>\n\t\t<\/div>\n\t\t\t\t<div class=\"elementor-column elementor-col-50 elementor-top-column elementor-element elementor-element-1510155\" data-id=\"1510155\" data-element_type=\"column\" data-e-type=\"column\">\n\t\t\t<div class=\"elementor-widget-wrap elementor-element-populated\">\n\t\t\t\t\t\t<div class=\"elementor-element elementor-element-377519a elementor-widget__width-inherit elementor-widget-mobile__width-inherit elementor-widget elementor-widget-text-editor\" data-id=\"377519a\" data-element_type=\"widget\" data-e-type=\"widget\" data-widget_type=\"text-editor.default\">\n\t\t\t\t<div class=\"elementor-widget-container\">\n\t\t\t\t\t\t\t\t\t<ul><li><span style=\"font-weight: 400;\">\u10e8\u10d0\u10d5\u10d8 \u10d3\u10d0 \u10e8\u10d4\u10e6\u10d4\u10d1\u10d8\u10da\u10d8 \u10e4\u10dd\u10da\u10d0\u10d3\u10d8\u10e1 \u10db\u10d8\u10da\u10d8\u10e1 \u10d3\u10d0 \u10e7\u10e3\u10d7\u10d8\u10e1 \u10de\u10e0\u10dd\u10e4\u10d8\u10da\u10d8<\/span><\/li><li><span style=\"font-weight: 400;\">\u10d2\u10d0\u10da\u10d5\u10d0\u10dc\u10e3\u10e0\u10d8 \u10e4\u10dd\u10da\u10d0\u10d3\u10d8\u10e1 \u10db\u10d8\u10da\u10d8\u10e1 \u10d3\u10d0 \u10e7\u10e3\u10d7\u10d8\u10e1 \u10de\u10e0\u10dd\u10e4\u10d8\u10da\u10d8<\/span><\/li><li><span style=\"font-weight: 400;\">\u10e1\u10de\u10d4\u10ea\u10d8\u10d0\u10da\u10e3\u10e0\u10d8 \u10d2\u10d0\u10dc\u10e7\u10dd\u10e4\u10d8\u10da\u10d4\u10d1\u10d8\u10e1 \u10db\u10d8\u10da\u10d8\u10e1 \u10d3\u10d0 \u10e7\u10e3\u10d7\u10d8\u10e1 \u10de\u10e0\u10dd\u10e4\u10d8\u10da\u10d4\u10d1\u10d8<\/span><\/li><\/ul>\t\t\t\t\t\t\t\t<\/div>\n\t\t\t\t<\/div>\n\t\t\t\t\t<\/div>\n\t\t<\/div>\n\t\t\t\t\t<\/div>\n\t\t<\/section>\n\t\t\t\t<\/div>\n\t\t","protected":false},"excerpt":{"rendered":"<p>\u10e4\u10dd\u10da\u10d0\u10d3\u10d8\u10e1 \u10db\u10d8\u10da\u10d4\u10d1\u10d8\u10e1 \u10de\u10e0\u10dd\u10e4\u10d8\u10da\u10d8\u10e1 \u10ef\u10d2\u10e3\u10e4\u10d8 \u10e8\u10d0\u10d5\u10d8 \u10d3\u10d0 \u10e8\u10d4\u10e6\u10d4\u10d1\u10d8\u10da\u10d8 \u10e4\u10dd\u10da\u10d0\u10d3\u10d8\u10e1 \u10db\u10d8\u10da\u10d8\u10e1 \u10d3\u10d0 \u10e7\u10e3\u10d7\u10d8\u10e1 \u10de\u10e0\u10dd\u10e4\u10d8\u10da\u10d8 \u10d2\u10d0\u10da\u10d5\u10d0\u10dc\u10e3\u10e0\u10d8 \u10e4\u10dd\u10da\u10d0\u10d3\u10d8\u10e1 \u10db\u10d8\u10da\u10d8\u10e1 \u10d3\u10d0 \u10e7\u10e3\u10d7\u10d8\u10e1 \u10de\u10e0\u10dd\u10e4\u10d8\u10da\u10d8 \u10e1\u10de\u10d4\u10ea\u10d8\u10d0\u10da\u10e3\u10e0\u10d8 \u10d2\u10d0\u10dc\u10e7\u10dd\u10e4\u10d8\u10da\u10d4\u10d1\u10d8\u10e1 \u10db\u10d8\u10da\u10d8\u10e1 \u10d3\u10d0 \u10e7\u10e3\u10d7\u10d8\u10e1 \u10de\u10e0\u10dd\u10e4\u10d8\u10da\u10d4\u10d1\u10d8<\/p>\n","protected":false},"author":1,"featured_media":0,"parent":0,"menu_order":0,"comment_status":"closed","ping_status":"closed","template":"","meta":{"site-sidebar-layout":"no-sidebar","site-content-layout":"page-builder","ast-site-content-layout":"default","site-content-style":"default","site-sidebar-style":"default","ast-global-header-display":"","ast-banner-title-visibility":"","ast-main-header-display":"","ast-hfb-above-header-display":"","ast-hfb-below-header-display":"","ast-hfb-mobile-header-display":"","site-post-title":"disabled","ast-breadcrumbs-content":"disabled","ast-featured-img":"disabled","footer-sml-layout":"","ast-disable-related-posts":"","theme-transparent-header-meta":"enabled","adv-header-id-meta":"","stick-header-meta":"","header-above-stick-meta":"","header-main-stick-meta":"","header-below-stick-meta":"","astra-migrate-meta-layouts":"default","ast-page-background-enabled":"default","ast-page-background-meta":{"desktop":{"background-color":"var(--ast-global-color-4)","background-image":"","background-repeat":"repeat","background-position":"center center","background-size":"auto","background-attachment":"scroll","background-type":"","background-media":"","overlay-type":"","overlay-color":"","overlay-opacity":"","overlay-gradient":""},"tablet":{"background-color":"","background-image":"","background-repeat":"repeat","background-position":"center center","background-size":"auto","background-attachment":"scroll","background-type":"","background-media":"","overlay-type":"","overlay-color":"","overlay-opacity":"","overlay-gradient":""},"mobile":{"background-color":"","background-image":"","background-repeat":"repeat","background-position":"center center","background-size":"auto","background-attachment":"scroll","background-type":"","background-media":"","overlay-type":"","overlay-color":"","overlay-opacity":"","overlay-gradient":""}},"ast-content-background-meta":{"desktop":{"background-color":"var(--ast-global-color-5)","background-image":"","background-repeat":"repeat","background-position":"center center","background-size":"auto","background-attachment":"scroll","background-type":"","background-media":"","overlay-type":"","overlay-color":"","overlay-opacity":"","overlay-gradient":""},"tablet":{"background-color":"var(--ast-global-color-5)","background-image":"","background-repeat":"repeat","background-position":"center center","background-size":"auto","background-attachment":"scroll","background-type":"","background-media":"","overlay-type":"","overlay-color":"","overlay-opacity":"","overlay-gradient":""},"mobile":{"background-color":"var(--ast-global-color-5)","background-image":"","background-repeat":"repeat","background-position":"center center","background-size":"auto","background-attachment":"scroll","background-type":"","background-media":"","overlay-type":"","overlay-color":"","overlay-opacity":"","overlay-gradient":""}},"footnotes":""},"class_list":["post-1288","page","type-page","status-publish","hentry"],"yoast_head":"<!-- This site is optimized with the Yoast SEO plugin v27.5 - https:\/\/yoast.com\/product\/yoast-seo-wordpress\/ -->\n<title>\u10e4\u10dd\u10da\u10d0\u10d3\u10d8\u10e1 \u10db\u10d8\u10da\u10d4\u10d1\u10d8\u10e1 \u10de\u10e0\u10dd\u10e4\u10d8\u10da\u10d8\u10e1 \u10ef\u10d2\u10e3\u10e4\u10d8 - \u10d3\u10e3\u10e0\u10db\u10e3\u10e8\u10dd\u10e6\u10da\u10e3\u10e1 \u10e2\u10e0\u10d0\u10dc\u10e1\u10de\u10dd\u10e0\u10e2\u10d8<\/title>\n<meta name=\"robots\" content=\"index, follow, max-snippet:-1, max-image-preview:large, max-video-preview:-1\" \/>\n<link rel=\"canonical\" href=\"https:\/\/durmusoglunakliyat.com.tr\/ge\/celik-boru-profil-grubu\/\" \/>\n<meta property=\"og:locale\" content=\"ka_GE\" \/>\n<meta property=\"og:type\" content=\"article\" \/>\n<meta property=\"og:title\" content=\"\u10e4\u10dd\u10da\u10d0\u10d3\u10d8\u10e1 \u10db\u10d8\u10da\u10d4\u10d1\u10d8\u10e1 \u10de\u10e0\u10dd\u10e4\u10d8\u10da\u10d8\u10e1 \u10ef\u10d2\u10e3\u10e4\u10d8 - \u10d3\u10e3\u10e0\u10db\u10e3\u10e8\u10dd\u10e6\u10da\u10e3\u10e1 \u10e2\u10e0\u10d0\u10dc\u10e1\u10de\u10dd\u10e0\u10e2\u10d8\" \/>\n<meta property=\"og:description\" content=\"\u10e4\u10dd\u10da\u10d0\u10d3\u10d8\u10e1 \u10db\u10d8\u10da\u10d4\u10d1\u10d8\u10e1 \u10de\u10e0\u10dd\u10e4\u10d8\u10da\u10d8\u10e1 \u10ef\u10d2\u10e3\u10e4\u10d8 \u10e8\u10d0\u10d5\u10d8 \u10d3\u10d0 \u10e8\u10d4\u10e6\u10d4\u10d1\u10d8\u10da\u10d8 \u10e4\u10dd\u10da\u10d0\u10d3\u10d8\u10e1 \u10db\u10d8\u10da\u10d8\u10e1 \u10d3\u10d0 \u10e7\u10e3\u10d7\u10d8\u10e1 \u10de\u10e0\u10dd\u10e4\u10d8\u10da\u10d8 \u10d2\u10d0\u10da\u10d5\u10d0\u10dc\u10e3\u10e0\u10d8 \u10e4\u10dd\u10da\u10d0\u10d3\u10d8\u10e1 \u10db\u10d8\u10da\u10d8\u10e1 \u10d3\u10d0 \u10e7\u10e3\u10d7\u10d8\u10e1 \u10de\u10e0\u10dd\u10e4\u10d8\u10da\u10d8 \u10e1\u10de\u10d4\u10ea\u10d8\u10d0\u10da\u10e3\u10e0\u10d8 \u10d2\u10d0\u10dc\u10e7\u10dd\u10e4\u10d8\u10da\u10d4\u10d1\u10d8\u10e1 \u10db\u10d8\u10da\u10d8\u10e1 \u10d3\u10d0 \u10e7\u10e3\u10d7\u10d8\u10e1 \u10de\u10e0\u10dd\u10e4\u10d8\u10da\u10d4\u10d1\u10d8\" \/>\n<meta property=\"og:url\" content=\"https:\/\/durmusoglunakliyat.com.tr\/ge\/celik-boru-profil-grubu\/\" \/>\n<meta property=\"og:site_name\" content=\"\u10d3\u10e3\u10e0\u10db\u10e3\u10e8\u10dd\u10e6\u10da\u10e3\u10e1 \u10e2\u10e0\u10d0\u10dc\u10e1\u10de\u10dd\u10e0\u10e2\u10d8\" \/>\n<meta property=\"article:modified_time\" content=\"2023-03-24T12:23:14+00:00\" \/>\n<meta property=\"og:image\" content=\"https:\/\/durmusoglunakliyat.com.tr\/ge\/wp-content\/uploads\/sites\/4\/2023\/02\/nakliyat-artvin-celik-boru.jpg\" \/>\n<meta name=\"twitter:card\" content=\"summary_large_image\" \/>\n<meta name=\"twitter:label1\" content=\"Est. reading time\" \/>\n\t<meta name=\"twitter:data1\" content=\"1 \u10ec\u10e3\u10d7\u10d8\" \/>\n<script type=\"application\/ld+json\" class=\"yoast-schema-graph\">{\"@context\":\"https:\\\/\\\/schema.org\",\"@graph\":[{\"@type\":\"WebPage\",\"@id\":\"https:\\\/\\\/durmusoglunakliyat.com.tr\\\/ge\\\/celik-boru-profil-grubu\\\/\",\"url\":\"https:\\\/\\\/durmusoglunakliyat.com.tr\\\/ge\\\/celik-boru-profil-grubu\\\/\",\"name\":\"\u10e4\u10dd\u10da\u10d0\u10d3\u10d8\u10e1 \u10db\u10d8\u10da\u10d4\u10d1\u10d8\u10e1 \u10de\u10e0\u10dd\u10e4\u10d8\u10da\u10d8\u10e1 \u10ef\u10d2\u10e3\u10e4\u10d8 - \u10d3\u10e3\u10e0\u10db\u10e3\u10e8\u10dd\u10e6\u10da\u10e3\u10e1 \u10e2\u10e0\u10d0\u10dc\u10e1\u10de\u10dd\u10e0\u10e2\u10d8\",\"isPartOf\":{\"@id\":\"https:\\\/\\\/durmusoglunakliyat.com.tr\\\/ge\\\/#website\"},\"primaryImageOfPage\":{\"@id\":\"https:\\\/\\\/durmusoglunakliyat.com.tr\\\/ge\\\/celik-boru-profil-grubu\\\/#primaryimage\"},\"image\":{\"@id\":\"https:\\\/\\\/durmusoglunakliyat.com.tr\\\/ge\\\/celik-boru-profil-grubu\\\/#primaryimage\"},\"thumbnailUrl\":\"https:\\\/\\\/durmusoglunakliyat.com.tr\\\/ge\\\/wp-content\\\/uploads\\\/sites\\\/4\\\/2023\\\/02\\\/nakliyat-artvin-celik-boru.jpg\",\"datePublished\":\"2023-02-06T13:37:52+00:00\",\"dateModified\":\"2023-03-24T12:23:14+00:00\",\"breadcrumb\":{\"@id\":\"https:\\\/\\\/durmusoglunakliyat.com.tr\\\/ge\\\/celik-boru-profil-grubu\\\/#breadcrumb\"},\"inLanguage\":\"ka-GE\",\"potentialAction\":[{\"@type\":\"ReadAction\",\"target\":[\"https:\\\/\\\/durmusoglunakliyat.com.tr\\\/ge\\\/celik-boru-profil-grubu\\\/\"]}]},{\"@type\":\"ImageObject\",\"inLanguage\":\"ka-GE\",\"@id\":\"https:\\\/\\\/durmusoglunakliyat.com.tr\\\/ge\\\/celik-boru-profil-grubu\\\/#primaryimage\",\"url\":\"https:\\\/\\\/durmusoglunakliyat.com.tr\\\/ge\\\/wp-content\\\/uploads\\\/sites\\\/4\\\/2023\\\/02\\\/nakliyat-artvin-celik-boru.jpg\",\"contentUrl\":\"https:\\\/\\\/durmusoglunakliyat.com.tr\\\/ge\\\/wp-content\\\/uploads\\\/sites\\\/4\\\/2023\\\/02\\\/nakliyat-artvin-celik-boru.jpg\",\"width\":720,\"height\":470},{\"@type\":\"BreadcrumbList\",\"@id\":\"https:\\\/\\\/durmusoglunakliyat.com.tr\\\/ge\\\/celik-boru-profil-grubu\\\/#breadcrumb\",\"itemListElement\":[{\"@type\":\"ListItem\",\"position\":1,\"name\":\"Anasayfa\",\"item\":\"https:\\\/\\\/durmusoglunakliyat.com.tr\\\/ge\\\/\"},{\"@type\":\"ListItem\",\"position\":2,\"name\":\"\u10e4\u10dd\u10da\u10d0\u10d3\u10d8\u10e1 \u10db\u10d8\u10da\u10d4\u10d1\u10d8\u10e1 \u10de\u10e0\u10dd\u10e4\u10d8\u10da\u10d8\u10e1 \u10ef\u10d2\u10e3\u10e4\u10d8\"}]},{\"@type\":\"WebSite\",\"@id\":\"https:\\\/\\\/durmusoglunakliyat.com.tr\\\/ge\\\/#website\",\"url\":\"https:\\\/\\\/durmusoglunakliyat.com.tr\\\/ge\\\/\",\"name\":\"\u10d3\u10e3\u10e0\u10db\u10e3\u10e8\u10dd\u10e6\u10da\u10e3\u10e1 \u10e2\u10e0\u10d0\u10dc\u10e1\u10de\u10dd\u10e0\u10e2\u10d8\",\"description\":\"G\u00fcven Ta\u015f\u0131yoruz\",\"publisher\":{\"@id\":\"https:\\\/\\\/durmusoglunakliyat.com.tr\\\/ge\\\/#organization\"},\"potentialAction\":[{\"@type\":\"SearchAction\",\"target\":{\"@type\":\"EntryPoint\",\"urlTemplate\":\"https:\\\/\\\/durmusoglunakliyat.com.tr\\\/ge\\\/?s={search_term_string}\"},\"query-input\":{\"@type\":\"PropertyValueSpecification\",\"valueRequired\":true,\"valueName\":\"search_term_string\"}}],\"inLanguage\":\"ka-GE\"},{\"@type\":\"Organization\",\"@id\":\"https:\\\/\\\/durmusoglunakliyat.com.tr\\\/ge\\\/#organization\",\"name\":\"\u10d3\u10e3\u10e0\u10db\u10e3\u10e8\u10dd\u10e6\u10da\u10e3\u10e1 \u10e2\u10e0\u10d0\u10dc\u10e1\u10de\u10dd\u10e0\u10e2\u10d8\",\"url\":\"https:\\\/\\\/durmusoglunakliyat.com.tr\\\/ge\\\/\",\"logo\":{\"@type\":\"ImageObject\",\"inLanguage\":\"ka-GE\",\"@id\":\"https:\\\/\\\/durmusoglunakliyat.com.tr\\\/ge\\\/#\\\/schema\\\/logo\\\/image\\\/\",\"url\":\"https:\\\/\\\/durmusoglunakliyat.com.tr\\\/ge\\\/wp-content\\\/uploads\\\/sites\\\/4\\\/2023\\\/02\\\/LogoIMG_1_ORJ.png\",\"contentUrl\":\"https:\\\/\\\/durmusoglunakliyat.com.tr\\\/ge\\\/wp-content\\\/uploads\\\/sites\\\/4\\\/2023\\\/02\\\/LogoIMG_1_ORJ.png\",\"width\":287,\"height\":105,\"caption\":\"\u10d3\u10e3\u10e0\u10db\u10e3\u10e8\u10dd\u10e6\u10da\u10e3\u10e1 \u10e2\u10e0\u10d0\u10dc\u10e1\u10de\u10dd\u10e0\u10e2\u10d8\"},\"image\":{\"@id\":\"https:\\\/\\\/durmusoglunakliyat.com.tr\\\/ge\\\/#\\\/schema\\\/logo\\\/image\\\/\"}}]}<\/script>\n<!-- \/ Yoast SEO plugin. -->","yoast_head_json":{"title":"\u10e4\u10dd\u10da\u10d0\u10d3\u10d8\u10e1 \u10db\u10d8\u10da\u10d4\u10d1\u10d8\u10e1 \u10de\u10e0\u10dd\u10e4\u10d8\u10da\u10d8\u10e1 \u10ef\u10d2\u10e3\u10e4\u10d8 - \u10d3\u10e3\u10e0\u10db\u10e3\u10e8\u10dd\u10e6\u10da\u10e3\u10e1 \u10e2\u10e0\u10d0\u10dc\u10e1\u10de\u10dd\u10e0\u10e2\u10d8","robots":{"index":"index","follow":"follow","max-snippet":"max-snippet:-1","max-image-preview":"max-image-preview:large","max-video-preview":"max-video-preview:-1"},"canonical":"https:\/\/durmusoglunakliyat.com.tr\/ge\/celik-boru-profil-grubu\/","og_locale":"ka_GE","og_type":"article","og_title":"\u10e4\u10dd\u10da\u10d0\u10d3\u10d8\u10e1 \u10db\u10d8\u10da\u10d4\u10d1\u10d8\u10e1 \u10de\u10e0\u10dd\u10e4\u10d8\u10da\u10d8\u10e1 \u10ef\u10d2\u10e3\u10e4\u10d8 - \u10d3\u10e3\u10e0\u10db\u10e3\u10e8\u10dd\u10e6\u10da\u10e3\u10e1 \u10e2\u10e0\u10d0\u10dc\u10e1\u10de\u10dd\u10e0\u10e2\u10d8","og_description":"\u10e4\u10dd\u10da\u10d0\u10d3\u10d8\u10e1 \u10db\u10d8\u10da\u10d4\u10d1\u10d8\u10e1 \u10de\u10e0\u10dd\u10e4\u10d8\u10da\u10d8\u10e1 \u10ef\u10d2\u10e3\u10e4\u10d8 \u10e8\u10d0\u10d5\u10d8 \u10d3\u10d0 \u10e8\u10d4\u10e6\u10d4\u10d1\u10d8\u10da\u10d8 \u10e4\u10dd\u10da\u10d0\u10d3\u10d8\u10e1 \u10db\u10d8\u10da\u10d8\u10e1 \u10d3\u10d0 \u10e7\u10e3\u10d7\u10d8\u10e1 \u10de\u10e0\u10dd\u10e4\u10d8\u10da\u10d8 \u10d2\u10d0\u10da\u10d5\u10d0\u10dc\u10e3\u10e0\u10d8 \u10e4\u10dd\u10da\u10d0\u10d3\u10d8\u10e1 \u10db\u10d8\u10da\u10d8\u10e1 \u10d3\u10d0 \u10e7\u10e3\u10d7\u10d8\u10e1 \u10de\u10e0\u10dd\u10e4\u10d8\u10da\u10d8 \u10e1\u10de\u10d4\u10ea\u10d8\u10d0\u10da\u10e3\u10e0\u10d8 \u10d2\u10d0\u10dc\u10e7\u10dd\u10e4\u10d8\u10da\u10d4\u10d1\u10d8\u10e1 \u10db\u10d8\u10da\u10d8\u10e1 \u10d3\u10d0 \u10e7\u10e3\u10d7\u10d8\u10e1 \u10de\u10e0\u10dd\u10e4\u10d8\u10da\u10d4\u10d1\u10d8","og_url":"https:\/\/durmusoglunakliyat.com.tr\/ge\/celik-boru-profil-grubu\/","og_site_name":"\u10d3\u10e3\u10e0\u10db\u10e3\u10e8\u10dd\u10e6\u10da\u10e3\u10e1 \u10e2\u10e0\u10d0\u10dc\u10e1\u10de\u10dd\u10e0\u10e2\u10d8","article_modified_time":"2023-03-24T12:23:14+00:00","og_image":[{"url":"https:\/\/durmusoglunakliyat.com.tr\/ge\/wp-content\/uploads\/sites\/4\/2023\/02\/nakliyat-artvin-celik-boru.jpg","type":"","width":"","height":""}],"twitter_card":"summary_large_image","twitter_misc":{"Est. reading time":"1 \u10ec\u10e3\u10d7\u10d8"},"schema":{"@context":"https:\/\/schema.org","@graph":[{"@type":"WebPage","@id":"https:\/\/durmusoglunakliyat.com.tr\/ge\/celik-boru-profil-grubu\/","url":"https:\/\/durmusoglunakliyat.com.tr\/ge\/celik-boru-profil-grubu\/","name":"\u10e4\u10dd\u10da\u10d0\u10d3\u10d8\u10e1 \u10db\u10d8\u10da\u10d4\u10d1\u10d8\u10e1 \u10de\u10e0\u10dd\u10e4\u10d8\u10da\u10d8\u10e1 \u10ef\u10d2\u10e3\u10e4\u10d8 - \u10d3\u10e3\u10e0\u10db\u10e3\u10e8\u10dd\u10e6\u10da\u10e3\u10e1 \u10e2\u10e0\u10d0\u10dc\u10e1\u10de\u10dd\u10e0\u10e2\u10d8","isPartOf":{"@id":"https:\/\/durmusoglunakliyat.com.tr\/ge\/#website"},"primaryImageOfPage":{"@id":"https:\/\/durmusoglunakliyat.com.tr\/ge\/celik-boru-profil-grubu\/#primaryimage"},"image":{"@id":"https:\/\/durmusoglunakliyat.com.tr\/ge\/celik-boru-profil-grubu\/#primaryimage"},"thumbnailUrl":"https:\/\/durmusoglunakliyat.com.tr\/ge\/wp-content\/uploads\/sites\/4\/2023\/02\/nakliyat-artvin-celik-boru.jpg","datePublished":"2023-02-06T13:37:52+00:00","dateModified":"2023-03-24T12:23:14+00:00","breadcrumb":{"@id":"https:\/\/durmusoglunakliyat.com.tr\/ge\/celik-boru-profil-grubu\/#breadcrumb"},"inLanguage":"ka-GE","potentialAction":[{"@type":"ReadAction","target":["https:\/\/durmusoglunakliyat.com.tr\/ge\/celik-boru-profil-grubu\/"]}]},{"@type":"ImageObject","inLanguage":"ka-GE","@id":"https:\/\/durmusoglunakliyat.com.tr\/ge\/celik-boru-profil-grubu\/#primaryimage","url":"https:\/\/durmusoglunakliyat.com.tr\/ge\/wp-content\/uploads\/sites\/4\/2023\/02\/nakliyat-artvin-celik-boru.jpg","contentUrl":"https:\/\/durmusoglunakliyat.com.tr\/ge\/wp-content\/uploads\/sites\/4\/2023\/02\/nakliyat-artvin-celik-boru.jpg","width":720,"height":470},{"@type":"BreadcrumbList","@id":"https:\/\/durmusoglunakliyat.com.tr\/ge\/celik-boru-profil-grubu\/#breadcrumb","itemListElement":[{"@type":"ListItem","position":1,"name":"Anasayfa","item":"https:\/\/durmusoglunakliyat.com.tr\/ge\/"},{"@type":"ListItem","position":2,"name":"\u10e4\u10dd\u10da\u10d0\u10d3\u10d8\u10e1 \u10db\u10d8\u10da\u10d4\u10d1\u10d8\u10e1 \u10de\u10e0\u10dd\u10e4\u10d8\u10da\u10d8\u10e1 \u10ef\u10d2\u10e3\u10e4\u10d8"}]},{"@type":"WebSite","@id":"https:\/\/durmusoglunakliyat.com.tr\/ge\/#website","url":"https:\/\/durmusoglunakliyat.com.tr\/ge\/","name":"\u10d3\u10e3\u10e0\u10db\u10e3\u10e8\u10dd\u10e6\u10da\u10e3\u10e1 \u10e2\u10e0\u10d0\u10dc\u10e1\u10de\u10dd\u10e0\u10e2\u10d8","description":"G\u00fcven Ta\u015f\u0131yoruz","publisher":{"@id":"https:\/\/durmusoglunakliyat.com.tr\/ge\/#organization"},"potentialAction":[{"@type":"SearchAction","target":{"@type":"EntryPoint","urlTemplate":"https:\/\/durmusoglunakliyat.com.tr\/ge\/?s={search_term_string}"},"query-input":{"@type":"PropertyValueSpecification","valueRequired":true,"valueName":"search_term_string"}}],"inLanguage":"ka-GE"},{"@type":"Organization","@id":"https:\/\/durmusoglunakliyat.com.tr\/ge\/#organization","name":"\u10d3\u10e3\u10e0\u10db\u10e3\u10e8\u10dd\u10e6\u10da\u10e3\u10e1 \u10e2\u10e0\u10d0\u10dc\u10e1\u10de\u10dd\u10e0\u10e2\u10d8","url":"https:\/\/durmusoglunakliyat.com.tr\/ge\/","logo":{"@type":"ImageObject","inLanguage":"ka-GE","@id":"https:\/\/durmusoglunakliyat.com.tr\/ge\/#\/schema\/logo\/image\/","url":"https:\/\/durmusoglunakliyat.com.tr\/ge\/wp-content\/uploads\/sites\/4\/2023\/02\/LogoIMG_1_ORJ.png","contentUrl":"https:\/\/durmusoglunakliyat.com.tr\/ge\/wp-content\/uploads\/sites\/4\/2023\/02\/LogoIMG_1_ORJ.png","width":287,"height":105,"caption":"\u10d3\u10e3\u10e0\u10db\u10e3\u10e8\u10dd\u10e6\u10da\u10e3\u10e1 \u10e2\u10e0\u10d0\u10dc\u10e1\u10de\u10dd\u10e0\u10e2\u10d8"},"image":{"@id":"https:\/\/durmusoglunakliyat.com.tr\/ge\/#\/schema\/logo\/image\/"}}]}},"_links":{"self":[{"href":"https:\/\/durmusoglunakliyat.com.tr\/ge\/wp-json\/wp\/v2\/pages\/1288","targetHints":{"allow":["GET"]}}],"collection":[{"href":"https:\/\/durmusoglunakliyat.com.tr\/ge\/wp-json\/wp\/v2\/pages"}],"about":[{"href":"https:\/\/durmusoglunakliyat.com.tr\/ge\/wp-json\/wp\/v2\/types\/page"}],"author":[{"embeddable":true,"href":"https:\/\/durmusoglunakliyat.com.tr\/ge\/wp-json\/wp\/v2\/users\/1"}],"replies":[{"embeddable":true,"href":"https:\/\/durmusoglunakliyat.com.tr\/ge\/wp-json\/wp\/v2\/comments?post=1288"}],"version-history":[{"count":23,"href":"https:\/\/durmusoglunakliyat.com.tr\/ge\/wp-json\/wp\/v2\/pages\/1288\/revisions"}],"predecessor-version":[{"id":1607,"href":"https:\/\/durmusoglunakliyat.com.tr\/ge\/wp-json\/wp\/v2\/pages\/1288\/revisions\/1607"}],"wp:attachment":[{"href":"https:\/\/durmusoglunakliyat.com.tr\/ge\/wp-json\/wp\/v2\/media?parent=1288"}],"curies":[{"name":"wp","href":"https:\/\/api.w.org\/{rel}","templated":true}]}}